{"id":352,"date":"2017-03-04T00:15:44","date_gmt":"2017-03-04T00:15:44","guid":{"rendered":"http:\/\/www.nouralmaarifa.ma\/?page_id=352"},"modified":"2017-12-12T22:02:20","modified_gmt":"2017-12-12T22:02:20","slug":"nos-services","status":"publish","type":"page","link":"https:\/\/www.nouralmaarifa.ma\/index.php\/nos-services\/","title":{"rendered":"NOS SERVICES"},"content":{"rendered":"<p>[vc_row][vc_column][vc_empty_space][vc_column_text css=\u00a0\u00bb.vc_custom_1513115396336{background-image: url(http:\/\/www.nouralmaarifa.ma\/wp-content\/uploads\/2017\/01\/Background-eastern21.jpg?id=25) !important;background-position: center !important;background-repeat: no-repeat !important;background-size: cover !important;}\u00a0\u00bb]<\/p>\n<h2 style=\"text-align: center;\">NOS SERVICES<\/h2>\n<p>[\/vc_column_text][vc_empty_space][vc_row_inner][vc_column_inner width=\u00a0\u00bb1\/4&Prime;][vc_single_image image=\u00a0\u00bb630&Prime; alignment=\u00a0\u00bbcenter\u00a0\u00bb style=\u00a0\u00bbvc_box_rounded\u00a0\u00bb css_animation=\u00a0\u00bbbounceIn\u00a0\u00bb][vc_empty_space][vc_single_image image=\u00a0\u00bb631&Prime; alignment=\u00a0\u00bbcenter\u00a0\u00bb style=\u00a0\u00bbvc_box_rounded\u00a0\u00bb css_animation=\u00a0\u00bbbounceIn\u00a0\u00bb][\/vc_column_inner][vc_column_inner width=\u00a0\u00bb3\/4&Prime;][vc_column_text]<\/p>\n<h5><strong>Le transport :<\/strong><\/h5>\n<h5>Le transport scolaire fonctionne tous les jours du lundi au vendredi. Les enfants sont pris en charge par des \u00e9ducatrices de l&rsquo;\u00e9cole qui les encadrent dans les diff\u00e9rents bus.<\/h5>\n<h5>Pour tout renseignement (circuits, horaires,\u2026), merci de contacter l&rsquo;\u00e9cole.<\/h5>\n<p>[\/vc_column_text][vc_empty_space][vc_empty_space][vc_column_text]<\/p>\n<h5><strong>La cantine :<br \/>\n<\/strong><\/h5>\n<h5>La cantine fonctionne quatre jours par semaine\u00a0 (Lundi &#8211; Mardi &#8211; Jeudi &#8211; Vendredi) .<\/h5>\n<p>[\/vc_column_text][\/vc_column_inner][\/vc_row_inner][\/vc_column][\/vc_row][vc_row][vc_column][vc_empty_space][\/vc_column][\/vc_row]<\/p>\n","protected":false},"excerpt":{"rendered":"<p>[vc_row][vc_column][vc_empty_space][vc_column_text css=\u00a0\u00bb.vc_custom_1513115396336{background-image: url(http:\/\/www.nouralmaarifa.ma\/wp-content\/uploads\/2017\/01\/Background-eastern21.jpg?id=25) !important;background-position: center !important;background-repeat: no-repeat !important;background-size: cover !important;}\u00a0\u00bb] NOS SERVICES [\/vc_column_text][vc_empty_space][vc_row_inner][vc_column_inner width=\u00a0\u00bb1\/4&Prime;][vc_single_image image=\u00a0\u00bb630&Prime; alignment=\u00a0\u00bbcenter\u00a0\u00bb style=\u00a0\u00bbvc_box_rounded\u00a0\u00bb css_animation=\u00a0\u00bbbounceIn\u00a0\u00bb][vc_empty_space][vc_single_image image=\u00a0\u00bb631&Prime; alignment=\u00a0\u00bbcenter\u00a0\u00bb style=\u00a0\u00bbvc_box_rounded\u00a0\u00bb css_animation=\u00a0\u00bbbounceIn\u00a0\u00bb][\/vc_column_inner][vc_column_inner width=\u00a0\u00bb3\/4&Prime;][vc_column_text] Le transport : Le transport scolaire fonctionne tous les jours du lundi au vendredi. Les enfants sont pris en charge par des \u00e9ducatrices de l&rsquo;\u00e9cole qui les encadrent dans les diff\u00e9rents bus. [&hellip;]<\/p>\n","protected":false},"author":1,"featured_media":0,"parent":0,"menu_order":0,"comment_status":"closed","ping_status":"closed","template":"","meta":{"footnotes":""},"class_list":["post-352","page","type-page","status-publish","hentry"],"_links":{"self":[{"href":"https:\/\/www.nouralmaarifa.ma\/index.php\/wp-json\/wp\/v2\/pages\/352","targetHints":{"allow":["GET"]}}],"collection":[{"href":"https:\/\/www.nouralmaarifa.ma\/index.php\/wp-json\/wp\/v2\/pages"}],"about":[{"href":"https:\/\/www.nouralmaarifa.ma\/index.php\/wp-json\/wp\/v2\/types\/page"}],"author":[{"embeddable":true,"href":"https:\/\/www.nouralmaarifa.ma\/index.php\/wp-json\/wp\/v2\/users\/1"}],"replies":[{"embeddable":true,"href":"https:\/\/www.nouralmaarifa.ma\/index.php\/wp-json\/wp\/v2\/comments?post=352"}],"version-history":[{"count":4,"href":"https:\/\/www.nouralmaarifa.ma\/index.php\/wp-json\/wp\/v2\/pages\/352\/revisions"}],"predecessor-version":[{"id":634,"href":"https:\/\/www.nouralmaarifa.ma\/index.php\/wp-json\/wp\/v2\/pages\/352\/revisions\/634"}],"wp:attachment":[{"href":"https:\/\/www.nouralmaarifa.ma\/index.php\/wp-json\/wp\/v2\/media?parent=352"}],"curies":[{"name":"wp","href":"https:\/\/api.w.org\/{rel}","templated":true}]}}