{"id":18,"date":"2017-01-16T14:20:20","date_gmt":"2017-01-16T14:20:20","guid":{"rendered":"http:\/\/localhost\/?page_id=18"},"modified":"2020-07-22T13:10:16","modified_gmt":"2020-07-22T13:10:16","slug":"acceuil","status":"publish","type":"page","link":"https:\/\/www.nouralmaarifa.ma\/","title":{"rendered":"ACCUEIL"},"content":{"rendered":"<p>[vc_row][vc_column][rev_slider_vc alias=\u00a0\u00bbSlider1&Prime;][vc_column_text css_animation=\u00a0\u00bbbounceIn\u00a0\u00bb css=\u00a0\u00bb.vc_custom_1512431202974{background-position: center !important;background-repeat: no-repeat !important;background-size: cover !important;}\u00a0\u00bb]<\/p>\n<h1 style=\"text-align: center;\"><img loading=\"lazy\" decoding=\"async\" class=\"aligncenter wp-image-23\" src=\"http:\/\/localhost\/wp-content\/uploads\/2017\/01\/1501437_1433239186907791_1612560093_o-300x232.jpg\" alt=\"\" width=\"163\" height=\"126\" srcset=\"https:\/\/www.nouralmaarifa.ma\/wp-content\/uploads\/2017\/01\/1501437_1433239186907791_1612560093_o-300x232.jpg 300w, https:\/\/www.nouralmaarifa.ma\/wp-content\/uploads\/2017\/01\/1501437_1433239186907791_1612560093_o-768x593.jpg 768w, https:\/\/www.nouralmaarifa.ma\/wp-content\/uploads\/2017\/01\/1501437_1433239186907791_1612560093_o-1024x790.jpg 1024w, https:\/\/www.nouralmaarifa.ma\/wp-content\/uploads\/2017\/01\/1501437_1433239186907791_1612560093_o-624x482.jpg 624w, https:\/\/www.nouralmaarifa.ma\/wp-content\/uploads\/2017\/01\/1501437_1433239186907791_1612560093_o.jpg 1200w\" sizes=\"auto, (max-width: 163px) 100vw, 163px\" \/><\/h1>\n<p>&nbsp;<\/p>\n<p>[\/vc_column_text][vc_row_inner gap=\u00a0\u00bb20&Prime; css=\u00a0\u00bb.vc_custom_1488385449540{background-position: center !important;background-repeat: no-repeat !important;background-size: cover !important;}\u00a0\u00bb][vc_column_inner width=\u00a0\u00bb1\/4&Prime; animation=\u00a0\u00bbfade-in\u00a0\u00bb][\/vc_column_inner][vc_column_inner width=\u00a0\u00bb1\/4&Prime; animation=\u00a0\u00bbtop-to-bottom\u00a0\u00bb][vc_column_text css_animation=\u00a0\u00bbbounceIn\u00a0\u00bb]<\/p>\n<h3 style=\"text-align: center;\">MATERNELLE<\/h3>\n<p>[\/vc_column_text]<a class=\"service websites\" style=\"height:height;\" href=\"http:\/\/www.nouralmaarifa.ma\/index.php\/maternelle\/\" title=\"\">\n                                \n<img loading=\"lazy\" decoding=\"async\" width=\"512\" height=\"512\" src=\"https:\/\/www.nouralmaarifa.ma\/wp-content\/uploads\/2017\/01\/blue-school-512.png\" class=\"attachment-full size-full\" alt=\"\" srcset=\"https:\/\/www.nouralmaarifa.ma\/wp-content\/uploads\/2017\/01\/blue-school-512.png 512w, https:\/\/www.nouralmaarifa.ma\/wp-content\/uploads\/2017\/01\/blue-school-512-150x150.png 150w, https:\/\/www.nouralmaarifa.ma\/wp-content\/uploads\/2017\/01\/blue-school-512-300x300.png 300w, https:\/\/www.nouralmaarifa.ma\/wp-content\/uploads\/2017\/01\/blue-school-512-50x50.png 50w, https:\/\/www.nouralmaarifa.ma\/wp-content\/uploads\/2017\/01\/blue-school-512-100x100.png 100w\" sizes=\"auto, (max-width: 512px) 100vw, 512px\" \/>\n                            \n                                <span class=\"hover\" style=\"background-color:rgba(215,0,54,0.01)\">\n                                    <span class=\"vcenter-parent\">\n                                        <span class=\"vcenter\">\n                                            <h3 class=\"title\" style=\"color:title_overlay_font_color;font-size:title_font_size;\"> <\/h3>\n                                            <p class=\"description\" style=\"color:description_font_color;font-size:description_font_size;\"><\/p>\n                                        <\/span><!-- .vcenter -->\n                                    <\/span><!-- .vcenter-parent -->\n                                <\/span><!-- \/.hover -->\n                            <\/a>[\/vc_column_inner][vc_column_inner width=\u00a0\u00bb1\/4&Prime; animation=\u00a0\u00bbbottom-to-top\u00a0\u00bb][vc_column_text css_animation=\u00a0\u00bbbounceIn\u00a0\u00bb]<\/p>\n<h3 style=\"text-align: center;\">PRIMAIRE<\/h3>\n<p>[\/vc_column_text]<a class=\"service websites\" style=\"height:height;\" href=\"http:\/\/www.nouralmaarifa.ma\/index.php\/primaire\/\" title=\"\">\n                                \n<img loading=\"lazy\" decoding=\"async\" width=\"512\" height=\"512\" src=\"https:\/\/www.nouralmaarifa.ma\/wp-content\/uploads\/2017\/01\/orange-school-512.png\" class=\"attachment-full size-full\" alt=\"\" srcset=\"https:\/\/www.nouralmaarifa.ma\/wp-content\/uploads\/2017\/01\/orange-school-512.png 512w, https:\/\/www.nouralmaarifa.ma\/wp-content\/uploads\/2017\/01\/orange-school-512-150x150.png 150w, https:\/\/www.nouralmaarifa.ma\/wp-content\/uploads\/2017\/01\/orange-school-512-300x300.png 300w, https:\/\/www.nouralmaarifa.ma\/wp-content\/uploads\/2017\/01\/orange-school-512-50x50.png 50w, https:\/\/www.nouralmaarifa.ma\/wp-content\/uploads\/2017\/01\/orange-school-512-100x100.png 100w\" sizes=\"auto, (max-width: 512px) 100vw, 512px\" \/>\n                            \n                                <span class=\"hover\" style=\"background-color:rgba(255,255,255,0.01)\">\n                                    <span class=\"vcenter-parent\">\n                                        <span class=\"vcenter\">\n                                            <h3 class=\"title\" style=\"color:title_overlay_font_color;font-size:30px;\"> <\/h3>\n                                            <p class=\"description\" style=\"color:#1e73be;font-size:20px;\"><\/p>\n                                        <\/span><!-- .vcenter -->\n                                    <\/span><!-- .vcenter-parent -->\n                                <\/span><!-- \/.hover -->\n                            <\/a>[\/vc_column_inner][vc_column_inner width=\u00a0\u00bb1\/4&Prime; css=\u00a0\u00bb.vc_custom_1488385344470{background-position: center !important;background-repeat: no-repeat !important;background-size: contain !important;}\u00a0\u00bb][\/vc_column_inner][\/vc_row_inner][\/vc_column][\/vc_row][vc_row][vc_column][vc_empty_space height=\u00a0\u00bb100px\u00a0\u00bb css=\u00a0\u00bb.vc_custom_1488388879801{background-position: center !important;background-repeat: no-repeat !important;background-size: cover !important;}\u00a0\u00bb][vc_row_inner][vc_column_inner width=\u00a0\u00bb1\/2&Prime;][vc_empty_space height=\u00a0\u00bb120px\u00a0\u00bb][vc_column_text css_animation=\u00a0\u00bbbounceIn\u00a0\u00bb]<\/p>\n<h3>VERS L&rsquo;AVENIR ET AU DEL\u00c0 !!!<\/h3>\n<h5><\/h5>\n<p>&nbsp;<\/p>\n<div dir=\"ltr\">\n<h5>Notre \u00e9cole veut susciter et entretenir le d\u00e9sir d&rsquo;apprendre tout en d\u00e9veloppant le sens social.<\/h5>\n<h5><\/h5>\n<h5><\/h5>\n<h5>Le projet \u00e9ducatif \u00e0 l&rsquo;\u00e9cole privil\u00e9gie donc la curiosit\u00e9, l&rsquo;autonomie, la coop\u00e9ration et l\u2019ouverture sur le monde.<\/h5>\n<\/div>\n<p>&nbsp;<\/p>\n<p>&nbsp;<\/p>\n<div dir=\"ltr\">\n<h5>On d\u00e9sire former des \u00e9l\u00e8ves qui pourront s\u2019exprimer ais\u00e9ment en fran\u00e7ais et en arabe litt\u00e9raire, qui seront responsables, curieux et cultiv\u00e9s.<\/h5>\n<h5><\/h5>\n<h5><\/h5>\n<h5>On d\u00e9sire former des \u00e9l\u00e8ves engag\u00e9s dans leur apprentissage et qui sont soucieux de leur r\u00e9ussite.<\/h5>\n<\/div>\n<p>[\/vc_column_text][\/vc_column_inner][vc_column_inner width=\u00a0\u00bb1\/2&Prime; css=\u00a0\u00bb.vc_custom_1488389014961{background-position: center !important;background-repeat: no-repeat !important;background-size: contain !important;}\u00a0\u00bb][vc_single_image image=\u00a0\u00bb310&Prime; img_size=\u00a0\u00bblarge\u00a0\u00bb alignment=\u00a0\u00bbright\u00a0\u00bb css_animation=\u00a0\u00bbbounceIn\u00a0\u00bb][\/vc_column_inner][\/vc_row_inner][vc_column_text css_animation=\u00a0\u00bbbounceIn\u00a0\u00bb css=\u00a0\u00bb.vc_custom_1488387764907{background-image: url(http:\/\/www.nouralmaarifa.ma\/wp-content\/uploads\/2017\/01\/Background-eastern21.jpg?id=25) !important;background-position: center !important;background-repeat: no-repeat !important;background-size: cover !important;}\u00a0\u00bb]<\/p>\n<h1 style=\"text-align: center;\"><img loading=\"lazy\" decoding=\"async\" class=\"alignnone wp-image-23\" src=\"http:\/\/localhost\/wp-content\/uploads\/2017\/01\/1501437_1433239186907791_1612560093_o-300x232.jpg\" alt=\"\" width=\"148\" height=\"115\" srcset=\"https:\/\/www.nouralmaarifa.ma\/wp-content\/uploads\/2017\/01\/1501437_1433239186907791_1612560093_o-300x232.jpg 300w, https:\/\/www.nouralmaarifa.ma\/wp-content\/uploads\/2017\/01\/1501437_1433239186907791_1612560093_o-768x593.jpg 768w, https:\/\/www.nouralmaarifa.ma\/wp-content\/uploads\/2017\/01\/1501437_1433239186907791_1612560093_o-1024x790.jpg 1024w, https:\/\/www.nouralmaarifa.ma\/wp-content\/uploads\/2017\/01\/1501437_1433239186907791_1612560093_o-624x482.jpg 624w, https:\/\/www.nouralmaarifa.ma\/wp-content\/uploads\/2017\/01\/1501437_1433239186907791_1612560093_o.jpg 1200w\" sizes=\"auto, (max-width: 148px) 100vw, 148px\" \/><\/h1>\n<h1 style=\"text-align: center;\">EN CHIFFRES .<\/h1>\n<p>[\/vc_column_text][\/vc_column][\/vc_row][vc_row gap=\u00a0\u00bb10&Prime; content_placement=\u00a0\u00bbmiddle\u00a0\u00bb css_animation=\u00a0\u00bbbounceIn\u00a0\u00bb animation=\u00a0\u00bbscale-up\u00a0\u00bb css=\u00a0\u00bb.vc_custom_1484756467071{border-radius: 10px !important;}\u00a0\u00bb][vc_column css_animation=\u00a0\u00bbbounceIn\u00a0\u00bb width=\u00a0\u00bb1\/3&Prime; animation=\u00a0\u00bbfade-in\u00a0\u00bb text_align=\u00a0\u00bbcenter\u00a0\u00bb css=\u00a0\u00bb.vc_custom_1488382588241{padding-top: 50px !important;padding-bottom: 50px !important;background-color: rgba(49,69,124,0.01) !important;*background-color: rgb(49,69,124) !important;}\u00a0\u00bb][cms_counter title1=\u00a0\u00bb\u00c9L\u00c8VES\u00a0\u00bb digit1=\u00a0\u00bb800&Prime; cms_counter_text_color=\u00a0\u00bb#eaeaea\u00a0\u00bb cms_counter_border_color=\u00a0\u00bbrgba(0,0,0,0.01)\u00a0\u00bb cms_counter_bg_color=\u00a0\u00bb#dd9933&Prime; cms_template=\u00a0\u00bbcms_counter.php\u00a0\u00bb][\/vc_column][vc_column css_animation=\u00a0\u00bbbounceIn\u00a0\u00bb width=\u00a0\u00bb1\/3&Prime; animation=\u00a0\u00bbfade-in\u00a0\u00bb text_align=\u00a0\u00bbcenter\u00a0\u00bb css=\u00a0\u00bb.vc_custom_1488382772626{padding-top: 50px !important;padding-bottom: 50px !important;background-color: rgba(102,151,215,0.01) !important;*background-color: rgb(102,151,215) !important;}\u00a0\u00bb][cms_counter title1=\u00a0\u00bbP\u00c9DAGOGUES\u00a0\u00bb cms_counter_text_color=\u00a0\u00bb#ffffff\u00a0\u00bb cms_counter_border_color=\u00a0\u00bb#ffffff\u00a0\u00bb cms_counter_bg_color=\u00a0\u00bb#6697d7&Prime; cms_template=\u00a0\u00bbcms_counter.php\u00a0\u00bb][\/vc_column][vc_column css_animation=\u00a0\u00bbbounceIn\u00a0\u00bb width=\u00a0\u00bb1\/3&Prime; animation=\u00a0\u00bbfade-in\u00a0\u00bb text_align=\u00a0\u00bbcenter\u00a0\u00bb css=\u00a0\u00bb.vc_custom_1488382792761{padding-top: 50px !important;padding-bottom: 50px !important;background-color: rgba(233,199,80,0.01) !important;*background-color: rgb(233,199,80) !important;}\u00a0\u00bb][cms_counter title1=\u00a0\u00bbPROGRESSION ANNUELLE\u00a0\u00bb digit1=\u00a0\u00bb40&Prime; suffix1=\u00a0\u00bb%\u00a0\u00bb cms_counter_text_color=\u00a0\u00bb#ffffff\u00a0\u00bb cms_counter_border_color=\u00a0\u00bb#ffffff\u00a0\u00bb cms_counter_bg_color=\u00a0\u00bb#81d742&Prime; cms_template=\u00a0\u00bbcms_counter.php\u00a0\u00bb][\/vc_column][\/vc_row][vc_row][vc_column][vc_row_inner][vc_column_inner][vc_single_image image=\u00a0\u00bb309&Prime; img_size=\u00a0\u00bblarge\u00a0\u00bb alignment=\u00a0\u00bbcenter\u00a0\u00bb css_animation=\u00a0\u00bbbounceIn\u00a0\u00bb][vc_empty_space height=\u00a0\u00bb20px\u00a0\u00bb][\/vc_column_inner][\/vc_row_inner][vc_column_text css_animation=\u00a0\u00bbbounceIn\u00a0\u00bb css=\u00a0\u00bb.vc_custom_1488387729222{background-image: url(http:\/\/www.nouralmaarifa.ma\/wp-content\/uploads\/2017\/01\/Background-eastern21.jpg?id=25) !important;background-position: center !important;background-repeat: no-repeat !important;background-size: cover !important;}\u00a0\u00bb]<\/p>\n<h1 style=\"text-align: center;\">ILS NOUS ONT FAIT CONFIANCE .<\/h1>\n<p>[\/vc_column_text][vc_tta_pageable no_fill_content_area=\u00a0\u00bb1&Prime; autoplay=\u00a0\u00bb10&Prime; active_section=\u00a0\u00bb1&Prime; pagination_style=\u00a0\u00bbflat-rounded\u00a0\u00bb pagination_color=\u00a0\u00bbsky\u00a0\u00bb css_animation=\u00a0\u00bbbounceInUp\u00a0\u00bb][vc_tta_section title=\u00a0\u00bbSection 2&Prime; tab_id=\u00a0\u00bb1488390390282-b03e7b15-34dc\u00a0\u00bb][vc_column_text]<\/p>\n<h3 style=\"text-align: left;\">PARENTS<\/h3>\n<h3 style=\"text-align: left;\">Monsieur EL MEKKAOUI :<\/h3>\n<h5>J\u2019avoue que nous avons \u00e9t\u00e9 conquis par la motivation et l\u2019aide du personnel, \u00a0les enseignantes sont accueillantes et attentives pour faire le point sur le suivi de nos enfants.\u00a0A l\u2019\u00e9cole Nour Al maarifa, les parents sont pr\u00e9venus au quotidien de l\u2019avancement des \u00e9l\u00e8ves.\u00a0 La direction prend toutes les dispositions n\u00e9cessaires pour mener \u00e0 bien son projet.\u00a0 Je suis tr\u00e8s satisfait.<\/h5>\n<p>&nbsp;<\/p>\n<p>&nbsp;<\/p>\n<h5><\/h5>\n<p>&nbsp;<\/p>\n<p>&nbsp;<\/p>\n<p>&nbsp;<\/p>\n<p>&nbsp;<\/p>\n<p>&nbsp;<\/p>\n<h5><\/h5>\n<p>[\/vc_column_text][\/vc_tta_section][\/vc_tta_pageable][vc_column_text css_animation=\u00a0\u00bbbounceIn\u00a0\u00bb css=\u00a0\u00bb.vc_custom_1512056692892{background-image: url(http:\/\/www.nouralmaarifa.ma\/wp-content\/uploads\/2017\/01\/Background-eastern21.jpg?id=25) !important;background-position: center !important;background-repeat: no-repeat !important;background-size: cover !important;}\u00a0\u00bb]<\/p>\n<h1 style=\"text-align: center;\">ACTUALIT\u00c9S<\/h1>\n<p>[\/vc_column_text][vc_empty_space height=\u00a0\u00bb100px\u00a0\u00bb][\/vc_column][\/vc_row][vc_row][vc_column][vc_basic_grid post_type=\u00a0\u00bbevents\u00a0\u00bb max_items=\u00a0\u00bb10&Prime; item=\u00a0\u00bbbasicGrid_SlideBottomWithIcon\u00a0\u00bb initial_loading_animation=\u00a0\u00bbbounce\u00a0\u00bb grid_id=\u00a0\u00bbvc_gid:1512581352545-8243be02572a5644bd61c756c8e1c476-6&Prime;][\/vc_column][\/vc_row]<\/p>\n","protected":false},"excerpt":{"rendered":"<p>[vc_row][vc_column][rev_slider_vc alias=\u00a0\u00bbSlider1&Prime;][vc_column_text css_animation=\u00a0\u00bbbounceIn\u00a0\u00bb css=\u00a0\u00bb.vc_custom_1512431202974{background-position: center !important;background-repeat: no-repeat !important;background-size: cover !important;}\u00a0\u00bb] &nbsp; [\/vc_column_text][vc_row_inner gap=\u00a0\u00bb20&Prime; css=\u00a0\u00bb.vc_custom_1488385449540{background-position: center !important;background-repeat: no-repeat !important;background-size: cover !important;}\u00a0\u00bb][vc_column_inner width=\u00a0\u00bb1\/4&Prime; animation=\u00a0\u00bbfade-in\u00a0\u00bb][\/vc_column_inner][vc_column_inner width=\u00a0\u00bb1\/4&Prime; animation=\u00a0\u00bbtop-to-bottom\u00a0\u00bb][vc_column_text css_animation=\u00a0\u00bbbounceIn\u00a0\u00bb] MATERNELLE [\/vc_column_text][\/vc_column_inner][vc_column_inner width=\u00a0\u00bb1\/4&Prime; animation=\u00a0\u00bbbottom-to-top\u00a0\u00bb][vc_column_text css_animation=\u00a0\u00bbbounceIn\u00a0\u00bb] PRIMAIRE [\/vc_column_text][\/vc_column_inner][vc_column_inner width=\u00a0\u00bb1\/4&Prime; css=\u00a0\u00bb.vc_custom_1488385344470{background-position: center !important;background-repeat: no-repeat !important;background-size: contain !important;}\u00a0\u00bb][\/vc_column_inner][\/vc_row_inner][\/vc_column][\/vc_row][vc_row][vc_column][vc_empty_space height=\u00a0\u00bb100px\u00a0\u00bb css=\u00a0\u00bb.vc_custom_1488388879801{background-position: center !important;background-repeat: no-repeat !important;background-size: cover !important;}\u00a0\u00bb][vc_row_inner][vc_column_inner width=\u00a0\u00bb1\/2&Prime;][vc_empty_space height=\u00a0\u00bb120px\u00a0\u00bb][vc_column_text css_animation=\u00a0\u00bbbounceIn\u00a0\u00bb] VERS L&rsquo;AVENIR ET AU [&hellip;]<\/p>\n","protected":false},"author":1,"featured_media":2708,"parent":0,"menu_order":0,"comment_status":"closed","ping_status":"closed","template":"","meta":{"footnotes":""},"class_list":["post-18","page","type-page","status-publish","has-post-thumbnail","hentry"],"_links":{"self":[{"href":"https:\/\/www.nouralmaarifa.ma\/index.php\/wp-json\/wp\/v2\/pages\/18","targetHints":{"allow":["GET"]}}],"collection":[{"href":"https:\/\/www.nouralmaarifa.ma\/index.php\/wp-json\/wp\/v2\/pages"}],"about":[{"href":"https:\/\/www.nouralmaarifa.ma\/index.php\/wp-json\/wp\/v2\/types\/page"}],"author":[{"embeddable":true,"href":"https:\/\/www.nouralmaarifa.ma\/index.php\/wp-json\/wp\/v2\/users\/1"}],"replies":[{"embeddable":true,"href":"https:\/\/www.nouralmaarifa.ma\/index.php\/wp-json\/wp\/v2\/comments?post=18"}],"version-history":[{"count":217,"href":"https:\/\/www.nouralmaarifa.ma\/index.php\/wp-json\/wp\/v2\/pages\/18\/revisions"}],"predecessor-version":[{"id":881,"href":"https:\/\/www.nouralmaarifa.ma\/index.php\/wp-json\/wp\/v2\/pages\/18\/revisions\/881"}],"wp:featuredmedia":[{"embeddable":true,"href":"https:\/\/www.nouralmaarifa.ma\/index.php\/wp-json\/wp\/v2\/media\/2708"}],"wp:attachment":[{"href":"https:\/\/www.nouralmaarifa.ma\/index.php\/wp-json\/wp\/v2\/media?parent=18"}],"curies":[{"name":"wp","href":"https:\/\/api.w.org\/{rel}","templated":true}]}}