{"id":367,"date":"2017-03-04T01:32:49","date_gmt":"2017-03-04T01:32:49","guid":{"rendered":"http:\/\/www.nouralmaarifa.ma\/?page_id=367"},"modified":"2017-12-06T15:41:35","modified_gmt":"2017-12-06T15:41:35","slug":"primaire","status":"publish","type":"page","link":"http:\/\/www.nouralmaarifa.ma\/index.php\/primaire\/","title":{"rendered":"PRIMAIRE"},"content":{"rendered":"<p>[vc_row][vc_column][vc_empty_space][vc_column_text css=\u00a0\u00bb.vc_custom_1488593813597{background-image: url(http:\/\/www.nouralmaarifa.ma\/wp-content\/uploads\/2017\/01\/Background-eastern21.jpg?id=25) !important;background-position: center !important;background-repeat: no-repeat !important;background-size: cover !important;}\u00a0\u00bb]<\/p>\n<h2 style=\"text-align: center;\">PRIMAIRE<\/h2>\n<p>[\/vc_column_text][vc_empty_space][vc_empty_space][vc_row_inner][vc_column_inner width=\u00a0\u00bb2\/3&Prime;][vc_column_text]<\/p>\n<h5>La formation dispens\u00e9e dans les \u00e9coles primaires assure l&rsquo;acquisition des\u00a0instruments fondamentaux de la connaissance\u00a0: expression orale et \u00e9crite, lecture, calcul et r\u00e9solution de probl\u00e8mes. De plus,<\/h5>\n<ul>\n<li>\n<h5>elle suscite le d\u00e9veloppement de l&rsquo;intelligence, de la sensibilit\u00e9 artistique, des aptitudes manuelles, physiques et sportives\u00a0.<\/h5>\n<\/li>\n<li>\n<h5>elle dispense les \u00e9l\u00e9ments d&rsquo;une culture historique, g\u00e9ographique, scientifique et technique\u00a0.<\/h5>\n<\/li>\n<li>\n<h5>elle offre une \u00e9ducation aux arts\u00a0.<\/h5>\n<\/li>\n<li>\n<h5>elle assure l&rsquo;enseignement d&rsquo;une langue vivante \u00e9trang\u00e8re et peut comporter une initiation \u00e0 la diversit\u00e9 linguistique\u00a0.<\/h5>\n<\/li>\n<li>\n<h5>elle contribue \u00e9galement \u00e0 la compr\u00e9hension et \u00e0 un usage autonome et responsable des m\u00e9dias, notamment num\u00e9riques\u00a0.<\/h5>\n<\/li>\n<li>\n<h5>elle assure l&rsquo;acquisition et la compr\u00e9hension de l&rsquo;exigence du respect de la personne, de ses origines et de ses diff\u00e9rences\u00a0.<\/h5>\n<\/li>\n<li>\n<h5>elle transmet \u00e9galement l&rsquo;exigence du respect des droits de l&rsquo;enfant et de l&rsquo;\u00e9galit\u00e9 entre les femmes et les hommes\u00a0.<\/h5>\n<\/li>\n<li>\n<h5>Elle assure conjointement avec la famille l&rsquo;\u00e9ducation morale et civique qui comprend, pour permettre l&rsquo;exercice de la citoyennet\u00e9, l&rsquo;apprentissage des valeurs et symboles de notre patrie, notamment de l&rsquo;hymne national et de son histoire et de son int\u00e9grit\u00e9 territoriale.<\/h5>\n<\/li>\n<\/ul>\n<h5>L\u2019\u00e9cole primaire doit transmettre et faire acqu\u00e9rir \u00e0 chaque \u00e9l\u00e8ve les connaissances et comp\u00e9tences fondamentales qui seront n\u00e9cessaires \u00e0 la poursuite de sa scolarit\u00e9 au coll\u00e8ge et, au-del\u00e0, dans les voies de formation choisies par l\u2019\u00e9l\u00e8ve. <\/h5>\n<h5>C\u2019est dans cet esprit que notre \u00e9tablissement a \u00e9labor\u00e9 son plan d\u2019action\u00a0: proposer aux apprenants un enseignement structur\u00e9 et explicite, orient\u00e9 vers l\u2019acquisition des savoirs de base, leur offrir des entra\u00eenements syst\u00e9matiques \u00e0 la lecture, \u00e0 l\u2019\u00e9criture, \u00e0 la ma\u00eetrise de la langue fran\u00e7aise et arabe et des math\u00e9matiques, ainsi que de solides rep\u00e8res culturels, les pr\u00e9parera \u00e0 la r\u00e9ussite et \u00e0 faire d\u2019eux des citoyens responsables.<\/h5>\n<h5>En primaire notre programme scolaire qui se fait dans le respect total des instructions officielles s\u2019articule autour des axes\u00a0 suivants: la ma\u00eetrise orale et \u00e9crite du fran\u00e7ais et d l\u2019arabe, la pratique de l\u2019anglais\u00a0comme langue seconde, les math\u00e9matiques, la culture scientifique et technologique, la ma\u00eetrise des technologies de l\u2019information et de la communication, l\u2019\u00e9ducation islamique, les sciences sociales,\u00a0l\u2019\u00e9ducation civique. De tels contenus vont permettre aux apprenants de\u00a0: <\/h5>\n<ul>\n<li>\n<h5>Lire et comprendre des textes vari\u00e9s\u00a0.<\/h5>\n<\/li>\n<li>\n<h5>Ma\u00eetriser l\u2019expression orale et \u00e9crite\u00a0.<\/h5>\n<\/li>\n<li>\n<h5>Ma\u00eetriser le calcul et la g\u00e9om\u00e9trie\u00a0 et r\u00e9soudre des probl\u00e8mes\u00a0.<\/h5>\n<\/li>\n<li>\n<h5>\u00c9tudier l\u2019environnement\u00a0 et acqu\u00e9rir les propri\u00e9t\u00e9s physiques et chimiques de la mati\u00e8re\u00a0.<\/h5>\n<\/li>\n<li>\n<h5>Acqu\u00e9rir les caract\u00e9ristiques du vivant\u00a0.<\/h5>\n<\/li>\n<li>\n<h5>Concevoir des objets techniques et \u00e9tudier de leur fonctionnement\u00a0.<\/h5>\n<\/li>\n<li>\n<h5>Apprendre \u00e0 utiliser ces techniques pour des travaux de recherches\u00a0.<\/h5>\n<\/li>\n<li>\n<h5>Apprendre le Saint Coran\u00a0 et \u00e9tudier des hadiths\u00a0.<\/h5>\n<\/li>\n<li>\n<h5>Conna\u00eetre l\u2019histoire de la culture du Maroc\u00a0 et sa la g\u00e9ographie physique, humaine et \u00e9conomique .<\/h5>\n<\/li>\n<li>\n<h5>Conna\u00eetre ses droits et ses devoirs d\u2019enfant\u00a0 et s\u2019\u00e9duquer \u00e0 la citoyennet\u00e9\u00a0.<\/h5>\n<\/li>\n<li>\n<h5>D\u00e9velopper le respect et la tol\u00e9rance qui fondent les droits de l\u2019Homme .<\/h5>\n<\/li>\n<\/ul>\n<h5>Notre mission<\/span> est d\u2019offrir \u00e0 nos \u00e9l\u00e8ves des apprentissages bas\u00e9s sur trois axes essentiels \u00e0 leur r\u00e9ussite : l\u2019excellence cognitive, l\u2019\u00e9panouissement psychologique, la formation citoyenne. Toutes nos actions et nos activit\u00e9s sont centr\u00e9es sur ces objectifs.<\/h5>\n<p>[\/vc_column_text][\/vc_column_inner][vc_column_inner width=\u00a0\u00bb1\/3&Prime;][vc_single_image image=\u00a0\u00bb35&Prime; img_size=\u00a0\u00bblarge\u00a0\u00bb alignment=\u00a0\u00bbright\u00a0\u00bb onclick=\u00a0\u00bblink_image\u00a0\u00bb css_animation=\u00a0\u00bbbounceIn\u00a0\u00bb][vc_empty_space height=\u00a0\u00bb100px\u00a0\u00bb][vc_single_image image=\u00a0\u00bb32&Prime; img_size=\u00a0\u00bblarge\u00a0\u00bb alignment=\u00a0\u00bbright\u00a0\u00bb onclick=\u00a0\u00bblink_image\u00a0\u00bb css_animation=\u00a0\u00bbbounceIn\u00a0\u00bb][vc_empty_space height=\u00a0\u00bb150px\u00a0\u00bb][vc_single_image image=\u00a0\u00bb34&Prime; img_size=\u00a0\u00bblarge\u00a0\u00bb alignment=\u00a0\u00bbright\u00a0\u00bb onclick=\u00a0\u00bblink_image\u00a0\u00bb css_animation=\u00a0\u00bbbounceIn\u00a0\u00bb][\/vc_column_inner][\/vc_row_inner][\/vc_column][\/vc_row]<\/p>\n","protected":false},"excerpt":{"rendered":"<p>[vc_row][vc_column][vc_empty_space][vc_column_text css=\u00a0\u00bb.vc_custom_1488593813597{background-image: url(http:\/\/www.nouralmaarifa.ma\/wp-content\/uploads\/2017\/01\/Background-eastern21.jpg?id=25) !important;background-position: center !important;background-repeat: no-repeat !important;background-size: cover !important;}\u00a0\u00bb] PRIMAIRE [\/vc_column_text][vc_empty_space][vc_empty_space][vc_row_inner][vc_column_inner width=\u00a0\u00bb2\/3&Prime;][vc_column_text] La formation dispens\u00e9e dans les \u00e9coles primaires assure l&rsquo;acquisition des\u00a0instruments fondamentaux de la connaissance\u00a0: expression orale et \u00e9crite, lecture, calcul et r\u00e9solution de probl\u00e8mes. De plus, elle suscite le d\u00e9veloppement de l&rsquo;intelligence, de la sensibilit\u00e9 artistique, des aptitudes manuelles, physiques et sportives\u00a0. [&hellip;]<\/p>\n","protected":false},"author":1,"featured_media":0,"parent":0,"menu_order":0,"comment_status":"closed","ping_status":"closed","template":"","meta":{"footnotes":""},"class_list":["post-367","page","type-page","status-publish","hentry"],"_links":{"self":[{"href":"http:\/\/www.nouralmaarifa.ma\/index.php\/wp-json\/wp\/v2\/pages\/367","targetHints":{"allow":["GET"]}}],"collection":[{"href":"http:\/\/www.nouralmaarifa.ma\/index.php\/wp-json\/wp\/v2\/pages"}],"about":[{"href":"http:\/\/www.nouralmaarifa.ma\/index.php\/wp-json\/wp\/v2\/types\/page"}],"author":[{"embeddable":true,"href":"http:\/\/www.nouralmaarifa.ma\/index.php\/wp-json\/wp\/v2\/users\/1"}],"replies":[{"embeddable":true,"href":"http:\/\/www.nouralmaarifa.ma\/index.php\/wp-json\/wp\/v2\/comments?post=367"}],"version-history":[{"count":9,"href":"http:\/\/www.nouralmaarifa.ma\/index.php\/wp-json\/wp\/v2\/pages\/367\/revisions"}],"predecessor-version":[{"id":550,"href":"http:\/\/www.nouralmaarifa.ma\/index.php\/wp-json\/wp\/v2\/pages\/367\/revisions\/550"}],"wp:attachment":[{"href":"http:\/\/www.nouralmaarifa.ma\/index.php\/wp-json\/wp\/v2\/media?parent=367"}],"curies":[{"name":"wp","href":"https:\/\/api.w.org\/{rel}","templated":true}]}}